{"id":30,"date":"2026-02-25T15:15:24","date_gmt":"2026-02-25T15:15:24","guid":{"rendered":"https:\/\/dev.mercadocriativo.pt\/giz\/?page_id=30"},"modified":"2026-04-09T17:08:04","modified_gmt":"2026-04-09T17:08:04","slug":"formacao-de-curta-duracao","status":"publish","type":"page","link":"https:\/\/dev.mercadocriativo.pt\/giz\/index.php\/formacao-de-curta-duracao\/","title":{"rendered":"Forma\u00e7\u00e3o de Curta Dura\u00e7\u00e3o"},"content":{"rendered":"\t\t<div data-elementor-type=\"wp-page\" data-elementor-id=\"30\" class=\"elementor elementor-30\" data-elementor-post-type=\"page\">\n\t\t\t\t<div class=\"elementor-element elementor-element-2506193c e-flex e-con-boxed e-con e-parent\" data-id=\"2506193c\" data-element_type=\"container\" data-e-type=\"container\" data-settings=\"{&quot;background_background&quot;:&quot;classic&quot;}\">\n\t\t\t\t\t<div class=\"e-con-inner\">\n\t\t<div class=\"elementor-element elementor-element-3ab0fd07 e-con-full e-flex e-con e-child\" data-id=\"3ab0fd07\" data-element_type=\"container\" data-e-type=\"container\">\n\t\t<div class=\"elementor-element elementor-element-15c40835 e-con-full e-flex e-con e-child\" data-id=\"15c40835\" data-element_type=\"container\" data-e-type=\"container\" data-settings=\"{&quot;motion_fx_motion_fx_scrolling&quot;:&quot;yes&quot;,&quot;motion_fx_opacity_effect&quot;:&quot;yes&quot;,&quot;motion_fx_opacity_direction&quot;:&quot;in-out&quot;,&quot;motion_fx_opacity_range&quot;:{&quot;unit&quot;:&quot;%&quot;,&quot;size&quot;:&quot;&quot;,&quot;sizes&quot;:{&quot;start&quot;:50,&quot;end&quot;:80}},&quot;motion_fx_opacity_level&quot;:{&quot;unit&quot;:&quot;px&quot;,&quot;size&quot;:10,&quot;sizes&quot;:[]},&quot;motion_fx_devices&quot;:[&quot;desktop&quot;,&quot;tablet&quot;,&quot;mobile&quot;]}\">\n\t\t<div class=\"elementor-element elementor-element-20a6882c e-con-full e-flex elementor-invisible e-con e-child\" data-id=\"20a6882c\" data-element_type=\"container\" data-e-type=\"container\" data-settings=\"{&quot;animation&quot;:&quot;fadeInDown&quot;}\">\n\t\t\t\t<div class=\"elementor-element elementor-element-35f1d2eb elementor-widget elementor-widget-heading\" data-id=\"35f1d2eb\" data-element_type=\"widget\" data-e-type=\"widget\" data-widget_type=\"heading.default\">\n\t\t\t\t\t<h2 class=\"elementor-heading-title elementor-size-default\">Forma\u00e7\u00e3o de Curta Dura\u00e7\u00e3o<\/h2>\t\t\t\t<\/div>\n\t\t\t\t<div class=\"elementor-element elementor-element-a24f3bd elementor-widget elementor-widget-text-editor\" data-id=\"a24f3bd\" data-element_type=\"widget\" data-e-type=\"widget\" data-widget_type=\"text-editor.default\">\n\t\t\t\t\t\t\t\t\t<p>Para satisfazer as necessidades de aprendizagem de novas compet\u00eancias, a Giz disp\u00f5e de diversas solu\u00e7\u00f5es de forma\u00e7\u00e3o de curta dura\u00e7\u00e3o, que tanto podem funcionar em regime online como presencial, e quer em hor\u00e1rio laboral quer em p\u00f3s-laboral.<\/p><p>Estas forma\u00e7\u00f5es procuram atuar em \u00e1reas espec\u00edficas de exerc\u00edcio profissional, tendo por caracter\u00edstica o ensino progressista sob o lema: \u201c<b>aprender, a praticar.<\/b>\u201d que prepara diretamente para o exerc\u00edcio real das compet\u00eancias adquiridas ao longo da forma\u00e7\u00e3o.<br \/><br \/>Com formadores de excel\u00eancia das mais variadas \u00e1reas criativas e tecnol\u00f3gicas, \u00e9 poss\u00edvel encontrar forma\u00e7\u00e3o de curta dura\u00e7\u00e3o em <b>Organiza\u00e7\u00e3o de Eventos, Design e Comunica\u00e7\u00e3o para Redes Sociais, Introdu\u00e7\u00e3o \u00e0 Fotografia, Pintura Digital, Color Grading<\/b>, entre outras \u00e1reas. A Giz atende ainda a pedidos e sugest\u00f5es de forma\u00e7\u00e3o curta uma vez demonstrado interesse na abertura dessa forma\u00e7\u00e3o.<\/p>\t\t\t\t\t\t\t\t<\/div>\n\t\t\t\t<\/div>\n\t\t\t\t<div class=\"elementor-element elementor-element-43d7e6ce animated-slow elementor-invisible elementor-widget elementor-widget-image\" data-id=\"43d7e6ce\" data-element_type=\"widget\" data-e-type=\"widget\" data-settings=\"{&quot;_animation&quot;:&quot;fadeInRight&quot;,&quot;_animation_delay&quot;:1000,&quot;motion_fx_motion_fx_scrolling&quot;:&quot;yes&quot;,&quot;motion_fx_devices&quot;:[&quot;desktop&quot;,&quot;tablet&quot;,&quot;mobile&quot;]}\" data-widget_type=\"image.default\">\n\t\t\t\t\t\t\t\t\t\t\t\t\t\t\t<img fetchpriority=\"high\" decoding=\"async\" width=\"526\" height=\"526\" src=\"https:\/\/dev.mercadocriativo.pt\/giz\/wp-content\/uploads\/2026\/02\/ETIC_Algarve-GIZ-Vertical-Black@4x.png\" class=\"attachment-medium_large size-medium_large wp-image-23\" alt=\"\" srcset=\"https:\/\/dev.mercadocriativo.pt\/giz\/wp-content\/uploads\/2026\/02\/ETIC_Algarve-GIZ-Vertical-Black@4x.png 526w, https:\/\/dev.mercadocriativo.pt\/giz\/wp-content\/uploads\/2026\/02\/ETIC_Algarve-GIZ-Vertical-Black@4x-300x300.png 300w, https:\/\/dev.mercadocriativo.pt\/giz\/wp-content\/uploads\/2026\/02\/ETIC_Algarve-GIZ-Vertical-Black@4x-150x150.png 150w\" sizes=\"(max-width: 526px) 100vw, 526px\" \/>\t\t\t\t\t\t\t\t\t\t\t\t\t\t\t<\/div>\n\t\t\t\t<\/div>\n\t\t\t\t<\/div>\n\t\t\t\t\t<\/div>\n\t\t\t\t<\/div>\n\t\t<div class=\"elementor-element elementor-element-70bed80a e-flex e-con-boxed e-con e-parent\" data-id=\"70bed80a\" data-element_type=\"container\" data-e-type=\"container\">\n\t\t\t\t\t<div class=\"e-con-inner\">\n\t\t\t\t<div class=\"elementor-element elementor-element-708e3524 elementor-arrows-position-inside elementor-pagination-position-outside elementor-widget elementor-widget-image-carousel\" data-id=\"708e3524\" data-element_type=\"widget\" data-e-type=\"widget\" data-settings=\"{&quot;slides_to_show&quot;:&quot;1&quot;,&quot;motion_fx_motion_fx_scrolling&quot;:&quot;yes&quot;,&quot;motion_fx_opacity_effect&quot;:&quot;yes&quot;,&quot;motion_fx_opacity_direction&quot;:&quot;out-in-out&quot;,&quot;motion_fx_opacity_range&quot;:{&quot;unit&quot;:&quot;%&quot;,&quot;size&quot;:&quot;&quot;,&quot;sizes&quot;:{&quot;start&quot;:50,&quot;end&quot;:70}},&quot;navigation&quot;:&quot;both&quot;,&quot;autoplay&quot;:&quot;yes&quot;,&quot;pause_on_hover&quot;:&quot;yes&quot;,&quot;pause_on_interaction&quot;:&quot;yes&quot;,&quot;autoplay_speed&quot;:5000,&quot;infinite&quot;:&quot;yes&quot;,&quot;effect&quot;:&quot;slide&quot;,&quot;speed&quot;:500,&quot;motion_fx_opacity_level&quot;:{&quot;unit&quot;:&quot;px&quot;,&quot;size&quot;:10,&quot;sizes&quot;:[]},&quot;motion_fx_devices&quot;:[&quot;desktop&quot;,&quot;tablet&quot;,&quot;mobile&quot;]}\" data-widget_type=\"image-carousel.default\">\n\t\t\t\t\t\t\t<div class=\"elementor-image-carousel-wrapper swiper\" role=\"region\" aria-roledescription=\"carousel\" aria-label=\"Carrossel de imagens\" dir=\"ltr\">\n\t\t\t<div class=\"elementor-image-carousel swiper-wrapper\" aria-live=\"off\">\n\t\t\t\t\t\t\t\t<div class=\"swiper-slide\" role=\"group\" aria-roledescription=\"slide\" aria-label=\"1 of 9\"><figure class=\"swiper-slide-inner\"><img decoding=\"async\" class=\"swiper-slide-image\" src=\"https:\/\/dev.mercadocriativo.pt\/giz\/wp-content\/uploads\/2026\/02\/CMS_1-2-scaled.png\" alt=\"Sala 4\" \/><\/figure><\/div><div class=\"swiper-slide\" role=\"group\" aria-roledescription=\"slide\" aria-label=\"2 of 9\"><figure class=\"swiper-slide-inner\"><img decoding=\"async\" class=\"swiper-slide-image\" src=\"https:\/\/dev.mercadocriativo.pt\/giz\/wp-content\/uploads\/2026\/02\/sala-1--scaled.jpg\" alt=\"Sala 1\" \/><\/figure><\/div><div class=\"swiper-slide\" role=\"group\" aria-roledescription=\"slide\" aria-label=\"3 of 9\"><figure class=\"swiper-slide-inner\"><img decoding=\"async\" class=\"swiper-slide-image\" src=\"https:\/\/dev.mercadocriativo.pt\/giz\/wp-content\/uploads\/2026\/02\/sala-2-_-1--scaled.jpg\" alt=\"Sala 2\" \/><\/figure><\/div><div class=\"swiper-slide\" role=\"group\" aria-roledescription=\"slide\" aria-label=\"4 of 9\"><figure class=\"swiper-slide-inner\"><img decoding=\"async\" class=\"swiper-slide-image\" src=\"https:\/\/dev.mercadocriativo.pt\/giz\/wp-content\/uploads\/2026\/02\/14.10.25_sala_3--scaled.jpg\" alt=\"Sala 3\" \/><\/figure><\/div><div class=\"swiper-slide\" role=\"group\" aria-roledescription=\"slide\" aria-label=\"5 of 9\"><figure class=\"swiper-slide-inner\"><img decoding=\"async\" class=\"swiper-slide-image\" src=\"https:\/\/dev.mercadocriativo.pt\/giz\/wp-content\/uploads\/2026\/02\/sala-6-_-final-scaled.jpg\" alt=\"Sala 6\" \/><\/figure><\/div><div class=\"swiper-slide\" role=\"group\" aria-roledescription=\"slide\" aria-label=\"6 of 9\"><figure class=\"swiper-slide-inner\"><img decoding=\"async\" class=\"swiper-slide-image\" src=\"https:\/\/dev.mercadocriativo.pt\/giz\/wp-content\/uploads\/2026\/02\/13.10.25_sala_5--scaled.jpg\" alt=\"Sala 5\" \/><\/figure><\/div><div class=\"swiper-slide\" role=\"group\" aria-roledescription=\"slide\" aria-label=\"7 of 9\"><figure class=\"swiper-slide-inner\"><img decoding=\"async\" class=\"swiper-slide-image\" src=\"https:\/\/dev.mercadocriativo.pt\/giz\/wp-content\/uploads\/2026\/02\/Estu\u0301dio-1--scaled.jpg\" alt=\"Est\u00fadio\" \/><\/figure><\/div><div class=\"swiper-slide\" role=\"group\" aria-roledescription=\"slide\" aria-label=\"8 of 9\"><figure class=\"swiper-slide-inner\"><img decoding=\"async\" class=\"swiper-slide-image\" src=\"https:\/\/dev.mercadocriativo.pt\/giz\/wp-content\/uploads\/2026\/02\/regie--scaled.jpg\" alt=\"R\u00e9gie\" \/><\/figure><\/div><div class=\"swiper-slide\" role=\"group\" aria-roledescription=\"slide\" aria-label=\"9 of 9\"><figure class=\"swiper-slide-inner\"><img decoding=\"async\" class=\"swiper-slide-image\" src=\"https:\/\/dev.mercadocriativo.pt\/giz\/wp-content\/uploads\/2026\/04\/Geek-lab1-scaled.jpg\" alt=\"GeekLab\" \/><\/figure><\/div>\t\t\t<\/div>\n\t\t\t\t\t\t\t\t\t\t\t\t<div class=\"elementor-swiper-button elementor-swiper-button-prev\" role=\"button\" tabindex=\"0\">\n\t\t\t\t\t\t<svg aria-hidden=\"true\" class=\"e-font-icon-svg e-eicon-chevron-left\" viewBox=\"0 0 1000 1000\" xmlns=\"http:\/\/www.w3.org\/2000\/svg\"><path d=\"M646 125C629 125 613 133 604 142L308 442C296 454 292 471 292 487 292 504 296 521 308 533L604 854C617 867 629 875 646 875 663 875 679 871 692 858 704 846 713 829 713 812 713 796 708 779 692 767L438 487 692 225C700 217 708 204 708 187 708 171 704 154 692 142 675 129 663 125 646 125Z\"><\/path><\/svg>\t\t\t\t\t<\/div>\n\t\t\t\t\t<div class=\"elementor-swiper-button elementor-swiper-button-next\" role=\"button\" tabindex=\"0\">\n\t\t\t\t\t\t<svg aria-hidden=\"true\" class=\"e-font-icon-svg e-eicon-chevron-right\" viewBox=\"0 0 1000 1000\" xmlns=\"http:\/\/www.w3.org\/2000\/svg\"><path d=\"M696 533C708 521 713 504 713 487 713 471 708 454 696 446L400 146C388 133 375 125 354 125 338 125 325 129 313 142 300 154 292 171 292 187 292 204 296 221 308 233L563 492 304 771C292 783 288 800 288 817 288 833 296 850 308 863 321 871 338 875 354 875 371 875 388 867 400 854L696 533Z\"><\/path><\/svg>\t\t\t\t\t<\/div>\n\t\t\t\t\n\t\t\t\t\t\t\t\t\t<div class=\"swiper-pagination\"><\/div>\n\t\t\t\t\t\t\t\t\t<\/div>\n\t\t\t\t\t\t<\/div>\n\t\t\t\t\t<\/div>\n\t\t\t\t<\/div>\n\t\t<div class=\"elementor-element elementor-element-18483f95 e-flex e-con-boxed e-con e-parent\" data-id=\"18483f95\" data-element_type=\"container\" data-e-type=\"container\" data-settings=\"{&quot;motion_fx_motion_fx_scrolling&quot;:&quot;yes&quot;,&quot;background_background&quot;:&quot;classic&quot;,&quot;motion_fx_devices&quot;:[&quot;desktop&quot;,&quot;tablet&quot;,&quot;mobile&quot;]}\">\n\t\t\t\t\t<div class=\"e-con-inner\">\n\t\t\t\t<div class=\"elementor-element elementor-element-268680e4 elementor-widget elementor-widget-heading\" data-id=\"268680e4\" data-element_type=\"widget\" data-e-type=\"widget\" data-settings=\"{&quot;motion_fx_motion_fx_scrolling&quot;:&quot;yes&quot;,&quot;motion_fx_opacity_effect&quot;:&quot;yes&quot;,&quot;motion_fx_opacity_direction&quot;:&quot;out-in-out&quot;,&quot;motion_fx_opacity_range&quot;:{&quot;unit&quot;:&quot;%&quot;,&quot;size&quot;:&quot;&quot;,&quot;sizes&quot;:{&quot;start&quot;:23,&quot;end&quot;:80}},&quot;motion_fx_opacity_level&quot;:{&quot;unit&quot;:&quot;px&quot;,&quot;size&quot;:10,&quot;sizes&quot;:[]},&quot;motion_fx_devices&quot;:[&quot;desktop&quot;,&quot;tablet&quot;,&quot;mobile&quot;]}\" data-widget_type=\"heading.default\">\n\t\t\t\t\t<h2 class=\"elementor-heading-title elementor-size-default\">Mais Servi\u00e7os<\/h2>\t\t\t\t<\/div>\n\t\t<div class=\"elementor-element elementor-element-29be5167 e-grid e-con-full e-con e-child\" data-id=\"29be5167\" data-element_type=\"container\" data-e-type=\"container\">\n\t\t<div class=\"elementor-element elementor-element-5e92c6a e-con-full e-flex elementor-invisible e-con e-child\" data-id=\"5e92c6a\" data-element_type=\"container\" data-e-type=\"container\" data-settings=\"{&quot;animation&quot;:&quot;fadeInUp&quot;,&quot;animation_delay&quot;:0}\">\n\t\t\t\t<div class=\"elementor-element elementor-element-40cac1ea elementor-widget elementor-widget-image\" data-id=\"40cac1ea\" data-element_type=\"widget\" data-e-type=\"widget\" data-widget_type=\"image.default\">\n\t\t\t\t\t\t\t\t\t\t\t\t\t\t\t<img decoding=\"async\" src=\"https:\/\/dev.mercadocriativo.pt\/giz\/wp-content\/plugins\/elementor\/assets\/images\/placeholder.png\" title=\"\" alt=\"\" loading=\"lazy\" \/>\t\t\t\t\t\t\t\t\t\t\t\t\t\t\t<\/div>\n\t\t\t\t<div class=\"elementor-element elementor-element-60e2cd32 elementor-widget elementor-widget-heading\" data-id=\"60e2cd32\" data-element_type=\"widget\" data-e-type=\"widget\" data-widget_type=\"heading.default\">\n\t\t\t\t\t<h2 class=\"elementor-heading-title elementor-size-default\">Forma\u00e7\u00e3o T\u00e9cnica<\/h2>\t\t\t\t<\/div>\n\t\t\t\t<div class=\"elementor-element elementor-element-157626ab elementor-widget elementor-widget-text-editor\" data-id=\"157626ab\" data-element_type=\"widget\" data-e-type=\"widget\" data-widget_type=\"text-editor.default\">\n\t\t\t\t\t\t\t\t\t<p>Forma\u00e7\u00e3o t\u00e9cnica de excel\u00eancia nas ind\u00fastrias criativas e tecnol\u00f3gicas, com Cursos T\u00e9cnicos certificados de dura\u00e7\u00e3o de 1 e 2 anos.<\/p>\t\t\t\t\t\t\t\t<\/div>\n\t\t\t\t<div class=\"elementor-element elementor-element-34b62c07 elementor-widget elementor-widget-heading\" data-id=\"34b62c07\" data-element_type=\"widget\" data-e-type=\"widget\" data-widget_type=\"heading.default\">\n\t\t\t\t\t<h6 class=\"elementor-heading-title elementor-size-default\"><a href=\"https:\/\/dev.mercadocriativo.pt\/giz\/index.php\/formacao-tecnica\/\">SABER MAIS<\/a><\/h6>\t\t\t\t<\/div>\n\t\t\t\t<\/div>\n\t\t<div class=\"elementor-element elementor-element-7affb7a9 e-con-full e-flex elementor-invisible e-con e-child\" data-id=\"7affb7a9\" data-element_type=\"container\" data-e-type=\"container\" data-settings=\"{&quot;animation&quot;:&quot;fadeInUp&quot;,&quot;animation_delay&quot;:100}\">\n\t\t\t\t<div class=\"elementor-element elementor-element-746cf856 elementor-widget elementor-widget-image\" data-id=\"746cf856\" data-element_type=\"widget\" data-e-type=\"widget\" data-widget_type=\"image.default\">\n\t\t\t\t\t\t\t\t\t\t\t\t\t\t\t<img decoding=\"async\" src=\"https:\/\/dev.mercadocriativo.pt\/giz\/wp-content\/plugins\/elementor\/assets\/images\/placeholder.png\" title=\"\" alt=\"\" loading=\"lazy\" \/>\t\t\t\t\t\t\t\t\t\t\t\t\t\t\t<\/div>\n\t\t\t\t<div class=\"elementor-element elementor-element-3b682f5 elementor-widget elementor-widget-heading\" data-id=\"3b682f5\" data-element_type=\"widget\" data-e-type=\"widget\" data-widget_type=\"heading.default\">\n\t\t\t\t\t<h2 class=\"elementor-heading-title elementor-size-default\">Forma\u00e7\u00e3o \u00e0 Medida<\/h2>\t\t\t\t<\/div>\n\t\t\t\t<div class=\"elementor-element elementor-element-11fdcca4 elementor-widget elementor-widget-text-editor\" data-id=\"11fdcca4\" data-element_type=\"widget\" data-e-type=\"widget\" data-widget_type=\"text-editor.default\">\n\t\t\t\t\t\t\t\t\t<p>Para as empresas e profissionais de excel\u00eancia, o recurso \u00e0 Forma\u00e7\u00e3o \u00e0 Medida \u00e9 hoje uma necessidade fundamental.<\/p>\t\t\t\t\t\t\t\t<\/div>\n\t\t\t\t<div class=\"elementor-element elementor-element-23826fae elementor-widget elementor-widget-heading\" data-id=\"23826fae\" data-element_type=\"widget\" data-e-type=\"widget\" data-widget_type=\"heading.default\">\n\t\t\t\t\t<h6 class=\"elementor-heading-title elementor-size-default\"><a href=\"https:\/\/dev.mercadocriativo.pt\/giz\/index.php\/formacao-a-medida\/\">SABER MAIS<\/a><\/h6>\t\t\t\t<\/div>\n\t\t\t\t<\/div>\n\t\t<div class=\"elementor-element elementor-element-29666e29 e-con-full e-flex elementor-invisible e-con e-child\" data-id=\"29666e29\" data-element_type=\"container\" data-e-type=\"container\" data-settings=\"{&quot;animation&quot;:&quot;fadeInUp&quot;,&quot;animation_delay&quot;:200}\">\n\t\t\t\t<div class=\"elementor-element elementor-element-4287000b elementor-widget elementor-widget-image\" data-id=\"4287000b\" data-element_type=\"widget\" data-e-type=\"widget\" data-widget_type=\"image.default\">\n\t\t\t\t\t\t\t\t\t\t\t\t\t\t\t<img decoding=\"async\" src=\"https:\/\/dev.mercadocriativo.pt\/giz\/wp-content\/plugins\/elementor\/assets\/images\/placeholder.png\" title=\"\" alt=\"\" loading=\"lazy\" \/>\t\t\t\t\t\t\t\t\t\t\t\t\t\t\t<\/div>\n\t\t\t\t<div class=\"elementor-element elementor-element-52838b85 elementor-widget elementor-widget-heading\" data-id=\"52838b85\" data-element_type=\"widget\" data-e-type=\"widget\" data-widget_type=\"heading.default\">\n\t\t\t\t\t<h2 class=\"elementor-heading-title elementor-size-default\">Aluguer de Salas<\/h2>\t\t\t\t<\/div>\n\t\t\t\t<div class=\"elementor-element elementor-element-525e693b elementor-widget elementor-widget-text-editor\" data-id=\"525e693b\" data-element_type=\"widget\" data-e-type=\"widget\" data-widget_type=\"text-editor.default\">\n\t\t\t\t\t\t\t\t\t<p>A Giz possui um modelo de aluguer de salas para empresas ou grupos informais e as suas necessidades formativas.<\/p>\t\t\t\t\t\t\t\t<\/div>\n\t\t\t\t<div class=\"elementor-element elementor-element-23eec780 elementor-widget elementor-widget-heading\" data-id=\"23eec780\" data-element_type=\"widget\" data-e-type=\"widget\" data-widget_type=\"heading.default\">\n\t\t\t\t\t<h6 class=\"elementor-heading-title elementor-size-default\"><a href=\"https:\/\/dev.mercadocriativo.pt\/giz\/index.php\/aluguer-de-salas\/\">SABER MAIS<\/a><\/h6>\t\t\t\t<\/div>\n\t\t\t\t<\/div>\n\t\t\t\t<\/div>\n\t\t\t\t\t<\/div>\n\t\t\t\t<\/div>\n\t\t\t\t<\/div>\n\t\t","protected":false},"excerpt":{"rendered":"<p>Forma\u00e7\u00e3o de Curta Dura\u00e7\u00e3o Para satisfazer as necessidades de aprendizagem de novas compet\u00eancias, a Giz disp\u00f5e de diversas solu\u00e7\u00f5es de forma\u00e7\u00e3o de curta dura\u00e7\u00e3o, que tanto podem funcionar em regime online como presencial, e quer em hor\u00e1rio laboral quer em p\u00f3s-laboral. Estas forma\u00e7\u00f5es procuram atuar em \u00e1reas espec\u00edficas de exerc\u00edcio profissional, tendo por caracter\u00edstica o [&hellip;]<\/p>\n","protected":false},"author":2,"featured_media":0,"parent":0,"menu_order":0,"comment_status":"closed","ping_status":"closed","template":"","meta":{"footnotes":""},"class_list":["post-30","page","type-page","status-publish","hentry"],"_links":{"self":[{"href":"https:\/\/dev.mercadocriativo.pt\/giz\/index.php\/wp-json\/wp\/v2\/pages\/30","targetHints":{"allow":["GET"]}}],"collection":[{"href":"https:\/\/dev.mercadocriativo.pt\/giz\/index.php\/wp-json\/wp\/v2\/pages"}],"about":[{"href":"https:\/\/dev.mercadocriativo.pt\/giz\/index.php\/wp-json\/wp\/v2\/types\/page"}],"author":[{"embeddable":true,"href":"https:\/\/dev.mercadocriativo.pt\/giz\/index.php\/wp-json\/wp\/v2\/users\/2"}],"replies":[{"embeddable":true,"href":"https:\/\/dev.mercadocriativo.pt\/giz\/index.php\/wp-json\/wp\/v2\/comments?post=30"}],"version-history":[{"count":64,"href":"https:\/\/dev.mercadocriativo.pt\/giz\/index.php\/wp-json\/wp\/v2\/pages\/30\/revisions"}],"predecessor-version":[{"id":1039,"href":"https:\/\/dev.mercadocriativo.pt\/giz\/index.php\/wp-json\/wp\/v2\/pages\/30\/revisions\/1039"}],"wp:attachment":[{"href":"https:\/\/dev.mercadocriativo.pt\/giz\/index.php\/wp-json\/wp\/v2\/media?parent=30"}],"curies":[{"name":"wp","href":"https:\/\/api.w.org\/{rel}","templated":true}]}}