{"id":25,"date":"2026-02-25T15:12:50","date_gmt":"2026-02-25T15:12:50","guid":{"rendered":"https:\/\/dev.mercadocriativo.pt\/giz\/?page_id=25"},"modified":"2026-03-05T11:45:12","modified_gmt":"2026-03-05T11:45:12","slug":"noticias","status":"publish","type":"page","link":"https:\/\/dev.mercadocriativo.pt\/giz\/index.php\/noticias\/","title":{"rendered":"Not\u00edcias"},"content":{"rendered":"\t\t<div data-elementor-type=\"wp-page\" data-elementor-id=\"25\" class=\"elementor elementor-25\" data-elementor-post-type=\"page\">\n\t\t\t\t<div class=\"elementor-element elementor-element-076c297 e-flex e-con-boxed e-con e-parent\" data-id=\"076c297\" data-element_type=\"container\" data-e-type=\"container\" data-settings=\"{&quot;background_background&quot;:&quot;classic&quot;}\">\n\t\t\t\t\t<div class=\"e-con-inner\">\n\t\t<div class=\"elementor-element elementor-element-9d96b7f e-con-full e-flex e-con e-child\" data-id=\"9d96b7f\" data-element_type=\"container\" data-e-type=\"container\">\n\t\t\t\t<div class=\"elementor-element elementor-element-69818ae elementor-widget elementor-widget-heading\" data-id=\"69818ae\" data-element_type=\"widget\" data-e-type=\"widget\" data-widget_type=\"heading.default\">\n\t\t\t\t\t<h2 class=\"elementor-heading-title elementor-size-default\">Not\u00edcias<\/h2>\t\t\t\t<\/div>\n\t\t\t\t<\/div>\n\t\t\t\t\t<\/div>\n\t\t\t\t<\/div>\n\t\t<div class=\"elementor-element elementor-element-0d71ca7 e-flex e-con-boxed e-con e-parent\" data-id=\"0d71ca7\" data-element_type=\"container\" data-e-type=\"container\">\n\t\t\t\t\t<div class=\"e-con-inner\">\n\t\t\t\t<div class=\"elementor-element elementor-element-9d05321 elementor-grid-2 elementor-grid-tablet-2 elementor-grid-mobile-1 elementor-widget elementor-widget-loop-grid\" data-id=\"9d05321\" data-element_type=\"widget\" data-e-type=\"widget\" data-settings=\"{&quot;template_id&quot;:434,&quot;columns&quot;:2,&quot;_skin&quot;:&quot;post&quot;,&quot;columns_tablet&quot;:&quot;2&quot;,&quot;columns_mobile&quot;:&quot;1&quot;,&quot;edit_handle_selector&quot;:&quot;[data-elementor-type=\\&quot;loop-item\\&quot;]&quot;,&quot;row_gap&quot;:{&quot;unit&quot;:&quot;px&quot;,&quot;size&quot;:&quot;&quot;,&quot;sizes&quot;:[]},&quot;row_gap_tablet&quot;:{&quot;unit&quot;:&quot;px&quot;,&quot;size&quot;:&quot;&quot;,&quot;sizes&quot;:[]},&quot;row_gap_mobile&quot;:{&quot;unit&quot;:&quot;px&quot;,&quot;size&quot;:&quot;&quot;,&quot;sizes&quot;:[]}}\" data-widget_type=\"loop-grid.post\">\n\t\t\t\t<div class=\"elementor-widget-container\">\n\t\t\t\t\t\t\t<div class=\"elementor-loop-container elementor-grid\" role=\"list\">\n\t\t<style id=\"loop-434\">.elementor-434 .elementor-element.elementor-element-53943261{--display:flex;--justify-content:space-between;}.elementor-widget-heading .elementor-heading-title{font-family:var( --e-global-typography-primary-font-family ), Sans-serif;font-weight:var( --e-global-typography-primary-font-weight );color:var( --e-global-color-primary );}.elementor-434 .elementor-element.elementor-element-4ebfa4b4 .elementor-heading-title{font-family:\"Roboto\", Sans-serif;font-size:25px;font-weight:400;color:#000000;}.elementor-widget-image .widget-image-caption{color:var( --e-global-color-text );font-family:var( --e-global-typography-text-font-family ), Sans-serif;font-weight:var( --e-global-typography-text-font-weight );}.elementor-434 .elementor-element.elementor-element-4a2990c3{padding:3rem 0rem 3rem 0rem;}.elementor-widget-text-editor{font-family:var( --e-global-typography-text-font-family ), Sans-serif;font-weight:var( --e-global-typography-text-font-weight );color:var( --e-global-color-text );}.elementor-widget-text-editor.elementor-drop-cap-view-stacked .elementor-drop-cap{background-color:var( --e-global-color-primary );}.elementor-widget-text-editor.elementor-drop-cap-view-framed .elementor-drop-cap, .elementor-widget-text-editor.elementor-drop-cap-view-default .elementor-drop-cap{color:var( --e-global-color-primary );border-color:var( --e-global-color-primary );}.elementor-434 .elementor-element.elementor-element-7bde6e2f{color:#000000;}.elementor-434 .elementor-element.elementor-element-2328196a .elementor-heading-title{font-family:\"Roboto\", Sans-serif;font-size:18px;font-weight:400;text-decoration:underline;line-height:26px;color:#2664A2;}<\/style>\t\t<div data-elementor-type=\"loop-item\" data-elementor-id=\"434\" class=\"elementor elementor-434 e-loop-item e-loop-item-1114 post-1114 news type-news status-publish has-post-thumbnail hentry\" data-elementor-post-type=\"elementor_library\" data-custom-edit-handle=\"1\">\n\t\t\t<div class=\"elementor-element elementor-element-53943261 e-con-full e-flex e-con e-child\" data-id=\"53943261\" data-element_type=\"container\" data-e-type=\"container\">\n\t\t\t\t<div class=\"elementor-element elementor-element-4ebfa4b4 elementor-widget elementor-widget-heading\" data-id=\"4ebfa4b4\" data-element_type=\"widget\" data-e-type=\"widget\" data-widget_type=\"heading.default\">\n\t\t\t\t\t<h2 class=\"elementor-heading-title elementor-size-default\">Pedro Andrade da ETIC Algarve Conquista 2.\u00ba Lugar no Pr\u00e9mio Sophia Estudante 2024<\/h2>\t\t\t\t<\/div>\n\t\t\t\t<div class=\"elementor-element elementor-element-4a2990c3 elementor-widget elementor-widget-image\" data-id=\"4a2990c3\" data-element_type=\"widget\" data-e-type=\"widget\" data-widget_type=\"image.default\">\n\t\t\t\t\t\t\t\t\t\t\t\t\t\t\t<img decoding=\"async\" width=\"150\" height=\"150\" src=\"https:\/\/dev.mercadocriativo.pt\/giz\/wp-content\/uploads\/2026\/04\/Captura-de-ecra-2025-10-09-as-11.55.28-150x150.png\" class=\"attachment-thumbnail size-thumbnail wp-image-1115\" alt=\"\" srcset=\"https:\/\/dev.mercadocriativo.pt\/giz\/wp-content\/uploads\/2026\/04\/Captura-de-ecra-2025-10-09-as-11.55.28-150x150.png 150w, https:\/\/dev.mercadocriativo.pt\/giz\/wp-content\/uploads\/2026\/04\/Captura-de-ecra-2025-10-09-as-11.55.28-300x300.png 300w, https:\/\/dev.mercadocriativo.pt\/giz\/wp-content\/uploads\/2026\/04\/Captura-de-ecra-2025-10-09-as-11.55.28.png 759w\" sizes=\"(max-width: 150px) 100vw, 150px\" \/>\t\t\t\t\t\t\t\t\t\t\t\t\t\t\t<\/div>\n\t\t\t\t<div class=\"elementor-element elementor-element-7bde6e2f elementor-widget elementor-widget-text-editor\" data-id=\"7bde6e2f\" data-element_type=\"widget\" data-e-type=\"widget\" data-widget_type=\"text-editor.default\">\n\t\t\t\t\t\t\t\t\tA excel\u00eancia dos nossos alunos continua a brilhar! Pedro Andrade, formando do curso de Design de Comunica\u00e7\u00e3o e Multim\u00e9dia 23|25 da ETIC Algarve, &#8230;\t\t\t\t\t\t\t\t<\/div>\n\t\t\t\t<div class=\"elementor-element elementor-element-2328196a elementor-widget elementor-widget-heading\" data-id=\"2328196a\" data-element_type=\"widget\" data-e-type=\"widget\" data-widget_type=\"heading.default\">\n\t\t\t\t\t<h2 class=\"elementor-heading-title elementor-size-default\"><a href=\"https:\/\/dev.mercadocriativo.pt\/giz\/index.php\/news\/pedro-andrade-da-etic-algarve-conquista-2-o-lugar-no-premio-sophia-estudante-2024\/\">Read More<\/a><\/h2>\t\t\t\t<\/div>\n\t\t\t\t<\/div>\n\t\t\t\t<\/div>\n\t\t\t\t<div data-elementor-type=\"loop-item\" data-elementor-id=\"434\" class=\"elementor elementor-434 e-loop-item e-loop-item-555 post-555 news type-news status-publish has-post-thumbnail hentry\" data-elementor-post-type=\"elementor_library\" data-custom-edit-handle=\"1\">\n\t\t\t<div class=\"elementor-element elementor-element-53943261 e-con-full e-flex e-con e-child\" data-id=\"53943261\" data-element_type=\"container\" data-e-type=\"container\">\n\t\t\t\t<div class=\"elementor-element elementor-element-4ebfa4b4 elementor-widget elementor-widget-heading\" data-id=\"4ebfa4b4\" data-element_type=\"widget\" data-e-type=\"widget\" data-widget_type=\"heading.default\">\n\t\t\t\t\t<h2 class=\"elementor-heading-title elementor-size-default\">Aluno da Giz ganha concurso<\/h2>\t\t\t\t<\/div>\n\t\t\t\t<div class=\"elementor-element elementor-element-4a2990c3 elementor-widget elementor-widget-image\" data-id=\"4a2990c3\" data-element_type=\"widget\" data-e-type=\"widget\" data-widget_type=\"image.default\">\n\t\t\t\t\t\t\t\t\t\t\t\t\t\t\t<img decoding=\"async\" width=\"150\" height=\"150\" src=\"https:\/\/dev.mercadocriativo.pt\/giz\/wp-content\/uploads\/2026\/02\/ETIC_Algarve-GIZ-Vertical-Black@4x-150x150.png\" class=\"attachment-thumbnail size-thumbnail wp-image-23\" alt=\"\" srcset=\"https:\/\/dev.mercadocriativo.pt\/giz\/wp-content\/uploads\/2026\/02\/ETIC_Algarve-GIZ-Vertical-Black@4x-150x150.png 150w, https:\/\/dev.mercadocriativo.pt\/giz\/wp-content\/uploads\/2026\/02\/ETIC_Algarve-GIZ-Vertical-Black@4x-300x300.png 300w, https:\/\/dev.mercadocriativo.pt\/giz\/wp-content\/uploads\/2026\/02\/ETIC_Algarve-GIZ-Vertical-Black@4x.png 526w\" sizes=\"(max-width: 150px) 100vw, 150px\" \/>\t\t\t\t\t\t\t\t\t\t\t\t\t\t\t<\/div>\n\t\t\t\t<div class=\"elementor-element elementor-element-7bde6e2f elementor-widget elementor-widget-text-editor\" data-id=\"7bde6e2f\" data-element_type=\"widget\" data-e-type=\"widget\" data-widget_type=\"text-editor.default\">\n\t\t\t\t\t\t\t\t\tO aluno da Giz, Sim\u00e3o Cozinheiro do curso &#8220;webdesign para designers gr\u00e1ficos&#8221; ganhou o concurso promovido pela Staples para a nova campanha gr\u00e1fica\u2026\t\t\t\t\t\t\t\t<\/div>\n\t\t\t\t<div class=\"elementor-element elementor-element-2328196a elementor-widget elementor-widget-heading\" data-id=\"2328196a\" data-element_type=\"widget\" data-e-type=\"widget\" data-widget_type=\"heading.default\">\n\t\t\t\t\t<h2 class=\"elementor-heading-title elementor-size-default\"><a href=\"https:\/\/dev.mercadocriativo.pt\/giz\/index.php\/news\/aluno-da-giz-ganha-concurso-2\/\">Read More<\/a><\/h2>\t\t\t\t<\/div>\n\t\t\t\t<\/div>\n\t\t\t\t<\/div>\n\t\t\t\t<div data-elementor-type=\"loop-item\" data-elementor-id=\"434\" class=\"elementor elementor-434 e-loop-item e-loop-item-550 post-550 news type-news status-publish has-post-thumbnail hentry\" data-elementor-post-type=\"elementor_library\" data-custom-edit-handle=\"1\">\n\t\t\t<div class=\"elementor-element elementor-element-53943261 e-con-full e-flex e-con e-child\" data-id=\"53943261\" data-element_type=\"container\" data-e-type=\"container\">\n\t\t\t\t<div class=\"elementor-element elementor-element-4ebfa4b4 elementor-widget elementor-widget-heading\" data-id=\"4ebfa4b4\" data-element_type=\"widget\" data-e-type=\"widget\" data-widget_type=\"heading.default\">\n\t\t\t\t\t<h2 class=\"elementor-heading-title elementor-size-default\">Cursos Longos<\/h2>\t\t\t\t<\/div>\n\t\t\t\t<div class=\"elementor-element elementor-element-4a2990c3 elementor-widget elementor-widget-image\" data-id=\"4a2990c3\" data-element_type=\"widget\" data-e-type=\"widget\" data-widget_type=\"image.default\">\n\t\t\t\t\t\t\t\t\t\t\t\t\t\t\t<img decoding=\"async\" width=\"150\" height=\"150\" src=\"https:\/\/dev.mercadocriativo.pt\/giz\/wp-content\/uploads\/2026\/02\/ETIC_Algarve-GIZ-Vertical-Black@4x-150x150.png\" class=\"attachment-thumbnail size-thumbnail wp-image-23\" alt=\"\" srcset=\"https:\/\/dev.mercadocriativo.pt\/giz\/wp-content\/uploads\/2026\/02\/ETIC_Algarve-GIZ-Vertical-Black@4x-150x150.png 150w, https:\/\/dev.mercadocriativo.pt\/giz\/wp-content\/uploads\/2026\/02\/ETIC_Algarve-GIZ-Vertical-Black@4x-300x300.png 300w, https:\/\/dev.mercadocriativo.pt\/giz\/wp-content\/uploads\/2026\/02\/ETIC_Algarve-GIZ-Vertical-Black@4x.png 526w\" sizes=\"(max-width: 150px) 100vw, 150px\" \/>\t\t\t\t\t\t\t\t\t\t\t\t\t\t\t<\/div>\n\t\t\t\t<div class=\"elementor-element elementor-element-7bde6e2f elementor-widget elementor-widget-text-editor\" data-id=\"7bde6e2f\" data-element_type=\"widget\" data-e-type=\"widget\" data-widget_type=\"text-editor.default\">\n\t\t\t\t\t\t\t\t\tA etic_algarve est\u00e1 prestes a lan\u00e7ar a oferta formativa dos cursos longos, ser\u00e1 j\u00e1 no in\u00edcio de Maio. As novidades s\u00e3o muitas e concentram-se na \u2026\t\t\t\t\t\t\t\t<\/div>\n\t\t\t\t<div class=\"elementor-element elementor-element-2328196a elementor-widget elementor-widget-heading\" data-id=\"2328196a\" data-element_type=\"widget\" data-e-type=\"widget\" data-widget_type=\"heading.default\">\n\t\t\t\t\t<h2 class=\"elementor-heading-title elementor-size-default\"><a href=\"https:\/\/dev.mercadocriativo.pt\/giz\/index.php\/news\/cursos-longos\/\">Read More<\/a><\/h2>\t\t\t\t<\/div>\n\t\t\t\t<\/div>\n\t\t\t\t<\/div>\n\t\t\t\t<div data-elementor-type=\"loop-item\" data-elementor-id=\"434\" class=\"elementor elementor-434 e-loop-item e-loop-item-549 post-549 news type-news status-publish has-post-thumbnail hentry\" data-elementor-post-type=\"elementor_library\" data-custom-edit-handle=\"1\">\n\t\t\t<div class=\"elementor-element elementor-element-53943261 e-con-full e-flex e-con e-child\" data-id=\"53943261\" data-element_type=\"container\" data-e-type=\"container\">\n\t\t\t\t<div class=\"elementor-element elementor-element-4ebfa4b4 elementor-widget elementor-widget-heading\" data-id=\"4ebfa4b4\" data-element_type=\"widget\" data-e-type=\"widget\" data-widget_type=\"heading.default\">\n\t\t\t\t\t<h2 class=\"elementor-heading-title elementor-size-default\">Curso de Design e Comunica\u00e7\u00e3o Gr\u00e1fica na AEPGA<\/h2>\t\t\t\t<\/div>\n\t\t\t\t<div class=\"elementor-element elementor-element-4a2990c3 elementor-widget elementor-widget-image\" data-id=\"4a2990c3\" data-element_type=\"widget\" data-e-type=\"widget\" data-widget_type=\"image.default\">\n\t\t\t\t\t\t\t\t\t\t\t\t\t\t\t<img decoding=\"async\" width=\"150\" height=\"150\" src=\"https:\/\/dev.mercadocriativo.pt\/giz\/wp-content\/uploads\/2026\/02\/ETIC_Algarve-GIZ-Vertical-Black@4x-150x150.png\" class=\"attachment-thumbnail size-thumbnail wp-image-23\" alt=\"\" srcset=\"https:\/\/dev.mercadocriativo.pt\/giz\/wp-content\/uploads\/2026\/02\/ETIC_Algarve-GIZ-Vertical-Black@4x-150x150.png 150w, https:\/\/dev.mercadocriativo.pt\/giz\/wp-content\/uploads\/2026\/02\/ETIC_Algarve-GIZ-Vertical-Black@4x-300x300.png 300w, https:\/\/dev.mercadocriativo.pt\/giz\/wp-content\/uploads\/2026\/02\/ETIC_Algarve-GIZ-Vertical-Black@4x.png 526w\" sizes=\"(max-width: 150px) 100vw, 150px\" \/>\t\t\t\t\t\t\t\t\t\t\t\t\t\t\t<\/div>\n\t\t\t\t<div class=\"elementor-element elementor-element-7bde6e2f elementor-widget elementor-widget-text-editor\" data-id=\"7bde6e2f\" data-element_type=\"widget\" data-e-type=\"widget\" data-widget_type=\"text-editor.default\">\n\t\t\t\t\t\t\t\t\tA Giz andou por terras transmontanas a dar forma\u00e7\u00e3o a uma associa\u00e7\u00e3o que tem por objectivo proteger a ra\u00e7a asinina, em particular o burro de \u2026\t\t\t\t\t\t\t\t<\/div>\n\t\t\t\t<div class=\"elementor-element elementor-element-2328196a elementor-widget elementor-widget-heading\" data-id=\"2328196a\" data-element_type=\"widget\" data-e-type=\"widget\" data-widget_type=\"heading.default\">\n\t\t\t\t\t<h2 class=\"elementor-heading-title elementor-size-default\"><a href=\"https:\/\/dev.mercadocriativo.pt\/giz\/index.php\/news\/curso-de-design-e-comunicacao-grafica-na-aepga\/\">Read More<\/a><\/h2>\t\t\t\t<\/div>\n\t\t\t\t<\/div>\n\t\t\t\t<\/div>\n\t\t\t\t<div data-elementor-type=\"loop-item\" data-elementor-id=\"434\" class=\"elementor elementor-434 e-loop-item e-loop-item-548 post-548 news type-news status-publish has-post-thumbnail hentry\" data-elementor-post-type=\"elementor_library\" data-custom-edit-handle=\"1\">\n\t\t\t<div class=\"elementor-element elementor-element-53943261 e-con-full e-flex e-con e-child\" data-id=\"53943261\" data-element_type=\"container\" data-e-type=\"container\">\n\t\t\t\t<div class=\"elementor-element elementor-element-4ebfa4b4 elementor-widget elementor-widget-heading\" data-id=\"4ebfa4b4\" data-element_type=\"widget\" data-e-type=\"widget\" data-widget_type=\"heading.default\">\n\t\t\t\t\t<h2 class=\"elementor-heading-title elementor-size-default\">Curso de Convers\u00e3o Freehand-Illustrator<\/h2>\t\t\t\t<\/div>\n\t\t\t\t<div class=\"elementor-element elementor-element-4a2990c3 elementor-widget elementor-widget-image\" data-id=\"4a2990c3\" data-element_type=\"widget\" data-e-type=\"widget\" data-widget_type=\"image.default\">\n\t\t\t\t\t\t\t\t\t\t\t\t\t\t\t<img decoding=\"async\" width=\"150\" height=\"150\" src=\"https:\/\/dev.mercadocriativo.pt\/giz\/wp-content\/uploads\/2026\/02\/ETIC_Algarve-GIZ-Vertical-Black@4x-150x150.png\" class=\"attachment-thumbnail size-thumbnail wp-image-23\" alt=\"\" srcset=\"https:\/\/dev.mercadocriativo.pt\/giz\/wp-content\/uploads\/2026\/02\/ETIC_Algarve-GIZ-Vertical-Black@4x-150x150.png 150w, https:\/\/dev.mercadocriativo.pt\/giz\/wp-content\/uploads\/2026\/02\/ETIC_Algarve-GIZ-Vertical-Black@4x-300x300.png 300w, https:\/\/dev.mercadocriativo.pt\/giz\/wp-content\/uploads\/2026\/02\/ETIC_Algarve-GIZ-Vertical-Black@4x.png 526w\" sizes=\"(max-width: 150px) 100vw, 150px\" \/>\t\t\t\t\t\t\t\t\t\t\t\t\t\t\t<\/div>\n\t\t\t\t<div class=\"elementor-element elementor-element-7bde6e2f elementor-widget elementor-widget-text-editor\" data-id=\"7bde6e2f\" data-element_type=\"widget\" data-e-type=\"widget\" data-widget_type=\"text-editor.default\">\n\t\t\t\t\t\t\t\t\tA Zinc \u2013 Publicidade e Comunica\u00e7\u00e3o solicitou \u00e0 Giz uma actualiza\u00e7\u00e3o para converter os seus criativos em utilizadores Illustrator. Na grande \u2026\t\t\t\t\t\t\t\t<\/div>\n\t\t\t\t<div class=\"elementor-element elementor-element-2328196a elementor-widget elementor-widget-heading\" data-id=\"2328196a\" data-element_type=\"widget\" data-e-type=\"widget\" data-widget_type=\"heading.default\">\n\t\t\t\t\t<h2 class=\"elementor-heading-title elementor-size-default\"><a href=\"https:\/\/dev.mercadocriativo.pt\/giz\/index.php\/news\/curso-de-conversao-freehand-illustrator\/\">Read More<\/a><\/h2>\t\t\t\t<\/div>\n\t\t\t\t<\/div>\n\t\t\t\t<\/div>\n\t\t\t\t<div data-elementor-type=\"loop-item\" data-elementor-id=\"434\" class=\"elementor elementor-434 e-loop-item e-loop-item-547 post-547 news type-news status-publish has-post-thumbnail hentry\" data-elementor-post-type=\"elementor_library\" data-custom-edit-handle=\"1\">\n\t\t\t<div class=\"elementor-element elementor-element-53943261 e-con-full e-flex e-con e-child\" data-id=\"53943261\" data-element_type=\"container\" data-e-type=\"container\">\n\t\t\t\t<div class=\"elementor-element elementor-element-4ebfa4b4 elementor-widget elementor-widget-heading\" data-id=\"4ebfa4b4\" data-element_type=\"widget\" data-e-type=\"widget\" data-widget_type=\"heading.default\">\n\t\t\t\t\t<h2 class=\"elementor-heading-title elementor-size-default\">Assinado Protocolo com a C. M. Vila do Bispo<\/h2>\t\t\t\t<\/div>\n\t\t\t\t<div class=\"elementor-element elementor-element-4a2990c3 elementor-widget elementor-widget-image\" data-id=\"4a2990c3\" data-element_type=\"widget\" data-e-type=\"widget\" data-widget_type=\"image.default\">\n\t\t\t\t\t\t\t\t\t\t\t\t\t\t\t<img decoding=\"async\" width=\"150\" height=\"150\" src=\"https:\/\/dev.mercadocriativo.pt\/giz\/wp-content\/uploads\/2026\/02\/ETIC_Algarve-GIZ-Vertical-Black@4x-150x150.png\" class=\"attachment-thumbnail size-thumbnail wp-image-23\" alt=\"\" srcset=\"https:\/\/dev.mercadocriativo.pt\/giz\/wp-content\/uploads\/2026\/02\/ETIC_Algarve-GIZ-Vertical-Black@4x-150x150.png 150w, https:\/\/dev.mercadocriativo.pt\/giz\/wp-content\/uploads\/2026\/02\/ETIC_Algarve-GIZ-Vertical-Black@4x-300x300.png 300w, https:\/\/dev.mercadocriativo.pt\/giz\/wp-content\/uploads\/2026\/02\/ETIC_Algarve-GIZ-Vertical-Black@4x.png 526w\" sizes=\"(max-width: 150px) 100vw, 150px\" \/>\t\t\t\t\t\t\t\t\t\t\t\t\t\t\t<\/div>\n\t\t\t\t<div class=\"elementor-element elementor-element-7bde6e2f elementor-widget elementor-widget-text-editor\" data-id=\"7bde6e2f\" data-element_type=\"widget\" data-e-type=\"widget\" data-widget_type=\"text-editor.default\">\n\t\t\t\t\t\t\t\t\tNo passado m\u00eas de Julho foi assinado um protocolo entre a Giz e a C.M. Vila do Bispo no qual ficou estabelecido que a Giz utilizar\u00e1 a escola \u2026\t\t\t\t\t\t\t\t<\/div>\n\t\t\t\t<div class=\"elementor-element elementor-element-2328196a elementor-widget elementor-widget-heading\" data-id=\"2328196a\" data-element_type=\"widget\" data-e-type=\"widget\" data-widget_type=\"heading.default\">\n\t\t\t\t\t<h2 class=\"elementor-heading-title elementor-size-default\"><a href=\"https:\/\/dev.mercadocriativo.pt\/giz\/index.php\/news\/assinado-protocolo-com-a-c-m-vila-do-bispo\/\">Read More<\/a><\/h2>\t\t\t\t<\/div>\n\t\t\t\t<\/div>\n\t\t\t\t<\/div>\n\t\t\t\t<\/div>\n\t\t\n\t\t\t\t\t\t<\/div>\n\t\t\t\t<\/div>\n\t\t\t\t\t<\/div>\n\t\t\t\t<\/div>\n\t\t\t\t<\/div>\n\t\t","protected":false},"excerpt":{"rendered":"<p>Not\u00edcias<\/p>\n","protected":false},"author":2,"featured_media":0,"parent":0,"menu_order":0,"comment_status":"closed","ping_status":"closed","template":"","meta":{"footnotes":""},"class_list":["post-25","page","type-page","status-publish","hentry"],"_links":{"self":[{"href":"https:\/\/dev.mercadocriativo.pt\/giz\/index.php\/wp-json\/wp\/v2\/pages\/25","targetHints":{"allow":["GET"]}}],"collection":[{"href":"https:\/\/dev.mercadocriativo.pt\/giz\/index.php\/wp-json\/wp\/v2\/pages"}],"about":[{"href":"https:\/\/dev.mercadocriativo.pt\/giz\/index.php\/wp-json\/wp\/v2\/types\/page"}],"author":[{"embeddable":true,"href":"https:\/\/dev.mercadocriativo.pt\/giz\/index.php\/wp-json\/wp\/v2\/users\/2"}],"replies":[{"embeddable":true,"href":"https:\/\/dev.mercadocriativo.pt\/giz\/index.php\/wp-json\/wp\/v2\/comments?post=25"}],"version-history":[{"count":49,"href":"https:\/\/dev.mercadocriativo.pt\/giz\/index.php\/wp-json\/wp\/v2\/pages\/25\/revisions"}],"predecessor-version":[{"id":744,"href":"https:\/\/dev.mercadocriativo.pt\/giz\/index.php\/wp-json\/wp\/v2\/pages\/25\/revisions\/744"}],"wp:attachment":[{"href":"https:\/\/dev.mercadocriativo.pt\/giz\/index.php\/wp-json\/wp\/v2\/media?parent=25"}],"curies":[{"name":"wp","href":"https:\/\/api.w.org\/{rel}","templated":true}]}}